{"id":1621,"date":"2019-09-07T22:02:11","date_gmt":"2019-09-07T20:02:11","guid":{"rendered":"http:\/\/www.strotmann-baustoffe.de\/?page_id=1621"},"modified":"2019-09-08T19:17:33","modified_gmt":"2019-09-08T17:17:33","slug":"baustoff-lieferant","status":"publish","type":"page","link":"https:\/\/www.strotmann-baustoffe.de\/index.php\/baustoff-lieferant\/","title":{"rendered":"Baustoff-Lieferant"},"content":{"rendered":"<div class=\"space\" style=\"height: 30px;\"><\/div>\n<div class=\"space\" style=\"height: 30px;\"><\/div>\n<div class=\"space\" style=\"height: 30px;\"><\/div>\n<p style=\"text-align: center;\"><div data-effect=\"swing\" class=\"rnr-animate animated\">  \n<div class=\"fancy-header2\"><h4>Ihr zuverl\u00e4ssiger Partner in Sachen Baustoffe, Erdarbeiten, Transporte uvm. in M\u00fcnster, Greven, Steinfurt und Umgebung<\/h4><h2 class=\"highlight\">Strotmann Baustoffe<\/h2><\/div>\n<\/div>\n<p style=\"text-align: center;\"><div data-effect=\"fadeInLeftBig\" class=\"rnr-animate animated\">  <img decoding=\"async\" loading=\"lazy\" class=\"aligncenter wp-image-1179  portfolio-lazyLoad\" src=\"http:\/\/www.strotmann-baustoffe.de\/wp-content\/uploads\/2018\/04\/Menue-logo-Strotmann-Baustoffe.png\" data-original=\"http:\/\/www.strotmann-baustoffe.de\/wp-content\/uploads\/2018\/04\/Menue-logo-Strotmann-Baustoffe.png\" alt=\"\" width=\"490\" height=\"48\" srcset=\"https:\/\/www.strotmann-baustoffe.de\/wp-content\/uploads\/2018\/04\/Menue-logo-Strotmann-Baustoffe.png 644w, https:\/\/www.strotmann-baustoffe.de\/wp-content\/uploads\/2018\/04\/Menue-logo-Strotmann-Baustoffe-300x29.png 300w\" sizes=\"(max-width: 490px) 100vw, 490px\" \/><noscript><img decoding=\"async\" loading=\"lazy\" class=\"aligncenter wp-image-1179  portfolio-lazyLoad\" src=\"http:\/\/www.strotmann-baustoffe.de\/wp-content\/uploads\/2018\/04\/Menue-logo-Strotmann-Baustoffe.png\" alt=\"\" width=\"490\" height=\"48\" srcset=\"https:\/\/www.strotmann-baustoffe.de\/wp-content\/uploads\/2018\/04\/Menue-logo-Strotmann-Baustoffe.png 644w, https:\/\/www.strotmann-baustoffe.de\/wp-content\/uploads\/2018\/04\/Menue-logo-Strotmann-Baustoffe-300x29.png 300w\" sizes=\"(max-width: 490px) 100vw, 490px\" \/><\/noscript><\/div>\n<p>&nbsp;<\/p>\n<p>&nbsp;<\/p>\n<p>Die Firma Strotmann hat eine lange Firmentradition. Gegr\u00fcndet im Jahre 1968, am 05.11. durch Helmut Strotmann als E.K. Der damalige Firmensitz war in der Bahnhofsstra\u00dfe in Altenberge.<br \/>\nAm 06.01.1982 wurde dann in Nordwalde ein gro\u00dfz\u00fcgiges Grundst\u00fcck mit Industriehallen und Wohnhaus gekauft. Die Bodendeponien und Sandgruben befanden sich zu dieser Zeit in Mesum und Ladberge. Damals bestand der Fuhrpark noch aus 2 MAN-LKW und 2 STEYR-LKW mit 4&#215;4\/6&#215;6-Allradantrieb, diese Fahrzeuge sorgten f\u00fcr den guten Ruf, dass die Firma Strotmann in jedem Terrain und bei allen Wettergegebenheiten sorgf\u00e4ltig und zuverl\u00e4ssig t\u00e4tig ist.<\/p>\n<div class=\"space\" style=\"height: 30px;\"><\/div>\n<p><img decoding=\"async\" loading=\"lazy\" class=\"alignnone size-large wp-image-1195 portfolio-lazyLoad\" src=\"http:\/\/www.strotmann-baustoffe.de\/wp-content\/uploads\/2019\/09\/Strotmann-slider_05.jpg\" data-original=\"http:\/\/www.strotmann-baustoffe.de\/wp-content\/uploads\/2019\/09\/Strotmann-slider_05.jpg\" alt=\"\" width=\"1024\" height=\"576\" \/><noscript><img decoding=\"async\" loading=\"lazy\" class=\"alignnone size-large wp-image-1195 portfolio-lazyLoad\" src=\"http:\/\/www.strotmann-baustoffe.de\/wp-content\/uploads\/2019\/09\/Strotmann-slider_05.jpg\" alt=\"\" width=\"1024\" height=\"576\" \/><\/noscript><\/p>\n","protected":false},"excerpt":{"rendered":"<p>&nbsp; &nbsp; Die Firma Strotmann hat eine lange Firmentradition. Gegr\u00fcndet im Jahre 1968, am 05.11. durch Helmut Strotmann als E.K. Der damalige Firmensitz war in der Bahnhofsstra\u00dfe in Altenberge. Am 06.01.1982 wurde dann in Nordwalde ein gro\u00dfz\u00fcgiges Grundst\u00fcck mit Industriehallen und Wohnhaus gekauft. Die Bodendeponien und Sandgruben befanden sich zu dieser Zeit in Mesum und&hellip;<\/p>\n<p><a href=\"https:\/\/www.strotmann-baustoffe.de\/index.php\/baustoff-lieferant\/\" class=\"read-more-link\">Read More &rarr;<\/a><\/p>\n","protected":false},"author":3,"featured_media":0,"parent":0,"menu_order":0,"comment_status":"closed","ping_status":"closed","template":"","meta":[],"_links":{"self":[{"href":"https:\/\/www.strotmann-baustoffe.de\/index.php\/wp-json\/wp\/v2\/pages\/1621"}],"collection":[{"href":"https:\/\/www.strotmann-baustoffe.de\/index.php\/wp-json\/wp\/v2\/pages"}],"about":[{"href":"https:\/\/www.strotmann-baustoffe.de\/index.php\/wp-json\/wp\/v2\/types\/page"}],"author":[{"embeddable":true,"href":"https:\/\/www.strotmann-baustoffe.de\/index.php\/wp-json\/wp\/v2\/users\/3"}],"replies":[{"embeddable":true,"href":"https:\/\/www.strotmann-baustoffe.de\/index.php\/wp-json\/wp\/v2\/comments?post=1621"}],"version-history":[{"count":5,"href":"https:\/\/www.strotmann-baustoffe.de\/index.php\/wp-json\/wp\/v2\/pages\/1621\/revisions"}],"predecessor-version":[{"id":1678,"href":"https:\/\/www.strotmann-baustoffe.de\/index.php\/wp-json\/wp\/v2\/pages\/1621\/revisions\/1678"}],"wp:attachment":[{"href":"https:\/\/www.strotmann-baustoffe.de\/index.php\/wp-json\/wp\/v2\/media?parent=1621"}],"curies":[{"name":"wp","href":"https:\/\/api.w.org\/{rel}","templated":true}]}}