{"id":1608,"date":"2019-09-02T01:25:53","date_gmt":"2019-09-01T23:25:53","guid":{"rendered":"http:\/\/www.strotmann-baustoffe.de\/?page_id=1608"},"modified":"2019-12-12T11:32:21","modified_gmt":"2019-12-12T10:32:21","slug":"fuhrpark-fahrzeugtypen","status":"publish","type":"page","link":"https:\/\/www.strotmann-baustoffe.de\/index.php\/fuhrpark-fahrzeugtypen\/","title":{"rendered":"Fuhrpark \/ Fahrzeugtypen"},"content":{"rendered":"<div class=\"space\" style=\"height: 30px;\"><\/div>\n<div class=\"space\" style=\"height: 30px;\"><\/div>\n<div class=\"space\" style=\"height: 30px;\"><\/div>\n<h1 style=\"text-align: center;\"><strong>Fuhrpark \/ Fahrzeugtypen<br \/>\n<\/strong><\/h1>\n<h2 style=\"text-align: center;\">Strotmann Fuhrunternehmen, Sandgruben<\/h2>\n<p><img decoding=\"async\" loading=\"lazy\" class=\"alignnone size-large wp-image-1195 portfolio-lazyLoad\" src=\"http:\/\/www.strotmann-baustoffe.de\/wp-content\/uploads\/2019\/09\/Strotmann-slider_04.jpg\" data-original=\"http:\/\/www.strotmann-baustoffe.de\/wp-content\/uploads\/2019\/09\/Strotmann-slider_04.jpg\" alt=\"\" width=\"1024\" height=\"576\" \/><noscript><img decoding=\"async\" loading=\"lazy\" class=\"alignnone size-large wp-image-1195 portfolio-lazyLoad\" src=\"http:\/\/www.strotmann-baustoffe.de\/wp-content\/uploads\/2019\/09\/Strotmann-slider_04.jpg\" alt=\"\" width=\"1024\" height=\"576\" \/><\/noscript><\/p>\n<h2>F\u00fcr den Transport von Sch\u00fcttg\u00fctern sind wir ihr Spezialist.<\/h2>\n<h4>Wir transportieren frei nach Tonnen Zahl bis zu 28 Tonnen.<\/h4>\n<p>Wir bieten folgende Fahrzeugtypen:<\/p>\n<li><b>2-Achser<\/b><\/li>\n<li><b>3-Achser<\/b><\/li>\n<li><b>4-Achser<\/b><\/li>\n<li><b>Sattel- und Gliederz\u00fcge<\/b><\/li>\n<div class=\"space\" style=\"height: 30px;\"><\/div>\n<div class=\"full-width\" style=\"color: #333333;background: #f6f6f6;\">\n<div data-effect=\"fadeInLeftBig\" class=\"rnr-animate animated\">  \n<div class=\"one_half rnr-column\"><img decoding=\"async\" class=\"alignnone portfolio-lazyLoad\" src=\"http:\/\/www.strotmann-baustoffe.de\/wp-content\/uploads\/2019\/09\/Strotmann-slider_05.jpg\" data-original=\"http:\/\/www.strotmann-baustoffe.de\/wp-content\/uploads\/2019\/09\/Strotmann-slider_05.jpg\" alt=\"jarvis-style12\" \/><noscript><img decoding=\"async\" class=\"alignnone portfolio-lazyLoad\" src=\"http:\/\/www.strotmann-baustoffe.de\/wp-content\/uploads\/2019\/09\/Strotmann-slider_05.jpg\" alt=\"jarvis-style12\" \/><\/noscript><\/div><\/div>\n<div data-effect=\"fadeInUp\" class=\"rnr-animate animated\">  \n<div class=\"one_half rnr-column last\"><div class=\"space\" style=\"height: 10px;\"><\/div>\n<h2>FUHRPARK<\/h2>\n<h4>10 Sattelz\u00fcge, davon unter anderem: <\/h4>\n<li>2 MAN mit 440 PS<\/li>\n<li>1 Mercedes Benz Actros mit 440 PS<\/li>\n<li>1 Mercedes Benz Actros mit 460 PS<\/li>\n<li>4 neue MAN mit 500PS<\/li>\n<p>(wert darauf gelegt Leistungsstark bei besonders geringen CO2 Emissionen Euro 6 vorgaben erf\u00fcllt)<\/p>\n<p>&nbsp;<\/p>\n<li>2 Neue Mercedes Arocs mit 480 PS und Euro 6<\/li>\n<\/div><div class=\"clear\"><\/div>\n<p>Tieflader zum Transportieren der Baumaschinen mit Kettenantrieb<br \/>\nKettenbagger New Holland Kobelco E215c LC Version (in der Sandgrube um Sand auszubaggern)<br \/>\nPoclainbagger TY45 Baujahr 1969 (Oldtimer, am Platz)<br \/>\nRadlader New Holland W190c (in der Sandgrube um LKWs zu beladen(geeichte Bordwaage))<br \/>\nRadlader Hanomag 60E (am Platz)<br \/>\nPlanierraupe Case 1650M LGP ( in der Sandgrube zum Boden einschieben)<br \/>\nMercedes Unimog als Besenwagen+ Tankwagen (f\u00fcr evtl. Stra\u00dfenverschmutzungen und zum betanken der Baumaschinen)<br \/>\nVW Taro geschlossener Pickup als Tank- Werkstattwagen<br \/>\nVW Bulli geschlossen mit Plane als Tankwagen<br \/>\nInsgesamt ca 35 zugeh\u00f6rige Baumaschinen, LKWs, Auflieger, PKWs, PKW Anh\u00e4nger<\/p>\n<p style=\"text-align: left;\">\n<\/div>\n<\/div>\n<div class=\"full-width\" style=\"color: #333333;background: #f3c837;\"><div class=\"aligncenter\">\n<div data-effect=\"fadeInUp\" class=\"contact-details rnr-animate animated\"><h2>info@strotmann-baustoffe.de<\/h2><h1>02552\/61160<\/h1><h2>Fuhrunternehmen Sandgruben Strotmann Scheddebrock 68 | 48356 Nordwalde |   Fax:02552 62477<\/h2><\/div>\n<\/div><\/div>\n","protected":false},"excerpt":{"rendered":"<p>Fuhrpark \/ Fahrzeugtypen Strotmann Fuhrunternehmen, Sandgruben F\u00fcr den Transport von Sch\u00fcttg\u00fctern sind wir ihr Spezialist. Wir transportieren frei nach Tonnen Zahl bis zu 28 Tonnen. Wir bieten folgende Fahrzeugtypen: 2-Achser 3-Achser 4-Achser Sattel- und Gliederz\u00fcge<\/p>\n","protected":false},"author":3,"featured_media":0,"parent":0,"menu_order":0,"comment_status":"closed","ping_status":"closed","template":"","meta":[],"_links":{"self":[{"href":"https:\/\/www.strotmann-baustoffe.de\/index.php\/wp-json\/wp\/v2\/pages\/1608"}],"collection":[{"href":"https:\/\/www.strotmann-baustoffe.de\/index.php\/wp-json\/wp\/v2\/pages"}],"about":[{"href":"https:\/\/www.strotmann-baustoffe.de\/index.php\/wp-json\/wp\/v2\/types\/page"}],"author":[{"embeddable":true,"href":"https:\/\/www.strotmann-baustoffe.de\/index.php\/wp-json\/wp\/v2\/users\/3"}],"replies":[{"embeddable":true,"href":"https:\/\/www.strotmann-baustoffe.de\/index.php\/wp-json\/wp\/v2\/comments?post=1608"}],"version-history":[{"count":18,"href":"https:\/\/www.strotmann-baustoffe.de\/index.php\/wp-json\/wp\/v2\/pages\/1608\/revisions"}],"predecessor-version":[{"id":1690,"href":"https:\/\/www.strotmann-baustoffe.de\/index.php\/wp-json\/wp\/v2\/pages\/1608\/revisions\/1690"}],"wp:attachment":[{"href":"https:\/\/www.strotmann-baustoffe.de\/index.php\/wp-json\/wp\/v2\/media?parent=1608"}],"curies":[{"name":"wp","href":"https:\/\/api.w.org\/{rel}","templated":true}]}}