{"id":1606,"date":"2019-09-02T01:23:35","date_gmt":"2019-09-01T23:23:35","guid":{"rendered":"http:\/\/www.strotmann-baustoffe.de\/?page_id=1606"},"modified":"2019-09-08T00:11:33","modified_gmt":"2019-09-07T22:11:33","slug":"entsorgung-bodenbewegung","status":"publish","type":"page","link":"https:\/\/www.strotmann-baustoffe.de\/index.php\/entsorgung-bodenbewegung\/","title":{"rendered":"Entsorgung \/ Bodenbewegung"},"content":{"rendered":"<div class=\"space\" style=\"height: 30px;\"><\/div>\n<div class=\"space\" style=\"height: 30px;\"><\/div>\n<div class=\"space\" style=\"height: 30px;\"><\/div>\n<h1 style=\"text-align: center;\"><strong>Entsorgung \/ Bodenbewegung<br \/>\n<\/strong><\/h1>\n<h2 style=\"text-align: center;\">Strotmann Fuhrunternehmen, Sandgruben<\/h2>\n<p><img decoding=\"async\" loading=\"lazy\" class=\"alignnone size-large wp-image-1195 portfolio-lazyLoad\" src=\"http:\/\/www.strotmann-baustoffe.de\/wp-content\/uploads\/2019\/09\/Strotmann-slider_02.jpg\" data-original=\"http:\/\/www.strotmann-baustoffe.de\/wp-content\/uploads\/2019\/09\/Strotmann-slider_02.jpg\" alt=\"\" width=\"1024\" height=\"576\" \/><noscript><img decoding=\"async\" loading=\"lazy\" class=\"alignnone size-large wp-image-1195 portfolio-lazyLoad\" src=\"http:\/\/www.strotmann-baustoffe.de\/wp-content\/uploads\/2019\/09\/Strotmann-slider_02.jpg\" alt=\"\" width=\"1024\" height=\"576\" \/><\/noscript><\/p>\n<h2>Boden Liefern oder abtragen und \/ oder ablagern<\/h2>\n<p><b>Wir entsorgen f\u00fcr Sie: <\/b><\/p>\n<li><strong>Boden<\/strong><\/li>\n<li><strong>Betonaufbruch<\/strong><\/li>\n<li><strong>Bauschutt<\/strong><\/li>\n<li><strong>Mutterboden<\/strong><\/li>\n<div class=\"space\" style=\"height: 30px;\"><\/div>\n<div class=\"full-width\" style=\"color: #333333;background: #f6f6f6;\">\n<div data-effect=\"fadeInLeftBig\" class=\"rnr-animate animated\">  \n<div class=\"one_half rnr-column\"><img decoding=\"async\" class=\"alignnone portfolio-lazyLoad\" src=\"http:\/\/www.strotmann-baustoffe.de\/wp-content\/uploads\/2019\/09\/Strotmann-mini-slider_entsorgung.jpg\" data-original=\"http:\/\/www.strotmann-baustoffe.de\/wp-content\/uploads\/2019\/09\/Strotmann-mini-slider_entsorgung.jpg\" alt=\"jarvis-style12\" \/><noscript><img decoding=\"async\" class=\"alignnone portfolio-lazyLoad\" src=\"http:\/\/www.strotmann-baustoffe.de\/wp-content\/uploads\/2019\/09\/Strotmann-mini-slider_entsorgung.jpg\" alt=\"jarvis-style12\" \/><\/noscript><\/div><\/div>\n<div data-effect=\"fadeInUp\" class=\"rnr-animate animated\">  \n<div class=\"one_half rnr-column last\"><div class=\"space\" style=\"height: 60px;\"><\/div>\n<h2>Sandgruben<\/h2>\n<p>Lieferung jeglicher Sch\u00fcttg\u00fcter, dank eigener Sandgrube somit keine Kapazit\u00e4tsgrenzen bei F\u00fcllsandlieferung bzw Z.0. Bodenannahme kein Problem!<\/div><div class=\"clear\"><\/div>\n<\/div>\n<\/div>\n<div class=\"full-width\" style=\"color: #333333;background: #f3c837;\"><div class=\"aligncenter\">\n<div data-effect=\"fadeInUp\" class=\"contact-details rnr-animate animated\"><h2>info@strotmann-baustoffe.de<\/h2><h1>02552\/61160<\/h1><h2>Fuhrunternehmen Sandgruben Strotmann Scheddebrock 68 | 48356 Nordwalde |   Fax:02552 62477<\/h2><\/div>\n<\/div><\/div>\n","protected":false},"excerpt":{"rendered":"<p>Entsorgung \/ Bodenbewegung Strotmann Fuhrunternehmen, Sandgruben Boden Liefern oder abtragen und \/ oder ablagern Wir entsorgen f\u00fcr Sie: Boden Betonaufbruch Bauschutt Mutterboden<\/p>\n","protected":false},"author":3,"featured_media":0,"parent":0,"menu_order":0,"comment_status":"closed","ping_status":"closed","template":"","meta":[],"_links":{"self":[{"href":"https:\/\/www.strotmann-baustoffe.de\/index.php\/wp-json\/wp\/v2\/pages\/1606"}],"collection":[{"href":"https:\/\/www.strotmann-baustoffe.de\/index.php\/wp-json\/wp\/v2\/pages"}],"about":[{"href":"https:\/\/www.strotmann-baustoffe.de\/index.php\/wp-json\/wp\/v2\/types\/page"}],"author":[{"embeddable":true,"href":"https:\/\/www.strotmann-baustoffe.de\/index.php\/wp-json\/wp\/v2\/users\/3"}],"replies":[{"embeddable":true,"href":"https:\/\/www.strotmann-baustoffe.de\/index.php\/wp-json\/wp\/v2\/comments?post=1606"}],"version-history":[{"count":8,"href":"https:\/\/www.strotmann-baustoffe.de\/index.php\/wp-json\/wp\/v2\/pages\/1606\/revisions"}],"predecessor-version":[{"id":1652,"href":"https:\/\/www.strotmann-baustoffe.de\/index.php\/wp-json\/wp\/v2\/pages\/1606\/revisions\/1652"}],"wp:attachment":[{"href":"https:\/\/www.strotmann-baustoffe.de\/index.php\/wp-json\/wp\/v2\/media?parent=1606"}],"curies":[{"name":"wp","href":"https:\/\/api.w.org\/{rel}","templated":true}]}}