{"id":1595,"date":"2019-09-02T01:17:55","date_gmt":"2019-09-01T23:17:55","guid":{"rendered":"http:\/\/www.strotmann-baustoffe.de\/?page_id=1595"},"modified":"2019-09-08T19:14:11","modified_gmt":"2019-09-08T17:14:11","slug":"sortiment","status":"publish","type":"page","link":"https:\/\/www.strotmann-baustoffe.de\/index.php\/sortiment\/","title":{"rendered":"Sortiment"},"content":{"rendered":"<div class=\"space\" style=\"height: 30px;\"><\/div>\n<div class=\"space\" style=\"height: 30px;\"><\/div>\n<div class=\"space\" style=\"height: 30px;\"><\/div>\n<h1 style=\"text-align: center;\"><strong>Sch\u00fcttgutliste<br \/>\n<\/strong><\/h1>\n<h2 style=\"text-align: center;\">Strotmann Fuhrunternehmen, Sandgruben<\/h2>\n<p><img decoding=\"async\" loading=\"lazy\" class=\"alignnone size-large wp-image-1195 portfolio-lazyLoad\" src=\"http:\/\/www.strotmann-baustoffe.de\/wp-content\/uploads\/2019\/09\/Strotmann-slider_03.jpg\" data-original=\"http:\/\/www.strotmann-baustoffe.de\/wp-content\/uploads\/2019\/09\/Strotmann-slider_03.jpg\" alt=\"\" width=\"1024\" height=\"576\" \/><noscript><img decoding=\"async\" loading=\"lazy\" class=\"alignnone size-large wp-image-1195 portfolio-lazyLoad\" src=\"http:\/\/www.strotmann-baustoffe.de\/wp-content\/uploads\/2019\/09\/Strotmann-slider_03.jpg\" alt=\"\" width=\"1024\" height=\"576\" \/><\/noscript><\/p>\n<h2>Unsere Sch\u00fcttg\u00fcter im \u00dcberblick:<\/h2>\n<p><b>Wir haben ein gro\u00dfes Sortiment an Sch\u00fcttg\u00fctern<\/b><\/p>\n<li><strong>Mauersand<\/strong><\/li>\n<li><strong>Spielsand<\/strong><\/li>\n<li><strong>Frostschutzschotter 0-45<\/strong><\/li>\n<li><strong>F\u00fcllsand\u00a0<\/strong><\/li>\n<li><strong>F\u00fcllsand -steinfrei-\u00a0<\/strong><\/li>\n<li><strong>F\u00fcllboden<\/strong><\/li>\n<li><strong>Siebsand<\/strong><\/li>\n<li><strong>Mutterboden<\/strong><\/li>\n<li><strong>Splitt 2-5<\/strong><\/li>\n<li><strong>Pflasterbettung 0-5<\/strong><\/li>\n<li><strong>Kies 8-16 \/ 16-32<\/strong><\/li>\n<li><strong>Rheinkies 0-16 \/ 0-32<\/strong><\/li>\n<li><strong>Dolomitsand 0-5<\/strong><\/li>\n<li><strong>Rheinsand 0-2 \/ 0-8<\/strong><\/li>\n<li><strong>Frostschutzsand<\/strong><\/li>\n<li><strong>Steinmehl 0-2<\/strong><\/li>\n<li><strong>Recyclingschotter (RCL1)<\/strong><\/li>\n<li><strong>Brechsand 0-2 \/ 0-5<\/strong><\/li>\n<li><strong>Grubenkies<\/strong><\/li>\n<li><strong>Vorabsiebung<\/strong><\/li>\n<div class=\"space\" style=\"height: 30px;\"><\/div>\n<span class=\"4yxp\">Weitere Materialen gerne auf Anfrage. <\/span><\/p>\n<div class=\"space\" style=\"height: 30px;\"><\/div>\n<div class=\"full-width\" style=\"color: #333333;background: #f6f6f6;\">\n<div data-effect=\"fadeInLeftBig\" class=\"rnr-animate animated\">  \n<div class=\"one_half rnr-column\"><img decoding=\"async\" class=\"alignnone portfolio-lazyLoad\" src=\"http:\/\/www.strotmann-baustoffe.de\/wp-content\/uploads\/2019\/09\/Strotmann-slider_09.jpg\" data-original=\"http:\/\/www.strotmann-baustoffe.de\/wp-content\/uploads\/2019\/09\/Strotmann-slider_09.jpg\" alt=\"jarvis-style12\" \/><noscript><img decoding=\"async\" class=\"alignnone portfolio-lazyLoad\" src=\"http:\/\/www.strotmann-baustoffe.de\/wp-content\/uploads\/2019\/09\/Strotmann-slider_09.jpg\" alt=\"jarvis-style12\" \/><\/noscript><\/div><\/div>\n<div data-effect=\"fadeInUp\" class=\"rnr-animate animated\">  \n<div class=\"one_half rnr-column last\"><div class=\"space\" style=\"height: 60px;\"><\/div>\n<h2>Natursteine<\/h2>\n<p>Zudem bieten wir verschiedenste Natursteine f\u00fcr die Garten- und Landschaftsgestaltung an:<\/p>\n<li>Warsteiner<\/li>\n<li>Jura Splitt<\/li>\n<li>Effenberger<\/li>\n<li>Ibbenb\u00fcrener Sandsteine<\/li>\n<\/div><div class=\"clear\"><\/div>\n<\/div>\n<\/div>\n<div class=\"full-width\" style=\"color: #333333;background: #f3c837;\"><div class=\"aligncenter\">\n<div data-effect=\"fadeInUp\" class=\"contact-details rnr-animate animated\"><h2>info@strotmann-baustoffe.de<\/h2><h1>02552\/61160<\/h1><h2>Fuhrunternehmen Sandgruben Strotmann Scheddebrock 68 | 48356 Nordwalde |   Fax:02552 62477<\/h2><\/div>\n<\/div><\/div>\n","protected":false},"excerpt":{"rendered":"<p>Sch\u00fcttgutliste Strotmann Fuhrunternehmen, Sandgruben Unsere Sch\u00fcttg\u00fcter im \u00dcberblick: Wir haben ein gro\u00dfes Sortiment an Sch\u00fcttg\u00fctern Mauersand Spielsand Frostschutzschotter 0-45 F\u00fcllsand\u00a0 F\u00fcllsand -steinfrei-\u00a0 F\u00fcllboden Siebsand Mutterboden Splitt 2-5 Pflasterbettung 0-5 Kies 8-16 \/ 16-32 Rheinkies 0-16 \/ 0-32 Dolomitsand 0-5 Rheinsand 0-2 \/ 0-8 Frostschutzsand Steinmehl 0-2 Recyclingschotter (RCL1) Brechsand 0-2 \/ 0-5 Grubenkies Vorabsiebung Weitere&hellip;<\/p>\n<p><a href=\"https:\/\/www.strotmann-baustoffe.de\/index.php\/sortiment\/\" class=\"read-more-link\">Read More &rarr;<\/a><\/p>\n","protected":false},"author":3,"featured_media":0,"parent":0,"menu_order":0,"comment_status":"closed","ping_status":"closed","template":"","meta":[],"_links":{"self":[{"href":"https:\/\/www.strotmann-baustoffe.de\/index.php\/wp-json\/wp\/v2\/pages\/1595"}],"collection":[{"href":"https:\/\/www.strotmann-baustoffe.de\/index.php\/wp-json\/wp\/v2\/pages"}],"about":[{"href":"https:\/\/www.strotmann-baustoffe.de\/index.php\/wp-json\/wp\/v2\/types\/page"}],"author":[{"embeddable":true,"href":"https:\/\/www.strotmann-baustoffe.de\/index.php\/wp-json\/wp\/v2\/users\/3"}],"replies":[{"embeddable":true,"href":"https:\/\/www.strotmann-baustoffe.de\/index.php\/wp-json\/wp\/v2\/comments?post=1595"}],"version-history":[{"count":22,"href":"https:\/\/www.strotmann-baustoffe.de\/index.php\/wp-json\/wp\/v2\/pages\/1595\/revisions"}],"predecessor-version":[{"id":1676,"href":"https:\/\/www.strotmann-baustoffe.de\/index.php\/wp-json\/wp\/v2\/pages\/1595\/revisions\/1676"}],"wp:attachment":[{"href":"https:\/\/www.strotmann-baustoffe.de\/index.php\/wp-json\/wp\/v2\/media?parent=1595"}],"curies":[{"name":"wp","href":"https:\/\/api.w.org\/{rel}","templated":true}]}}